{"id":2688,"date":"2020-03-06T11:43:43","date_gmt":"2020-03-06T10:43:43","guid":{"rendered":"https:\/\/www.hotelduparc.fr\/offers\/"},"modified":"2021-07-10T15:17:43","modified_gmt":"2021-07-10T13:17:43","slug":"offers","status":"publish","type":"page","link":"https:\/\/www.hotelduparc.fr\/en\/offers\/","title":{"rendered":"Offers"},"content":{"rendered":"<p>[vc_section full_width=&#8221;stretch_row&#8221; el_class=&#8221;grille-offres&#8221; el_id=&#8221;grille-tx-img&#8221; css=&#8221;.vc_custom_1582279829250{background-color: #f9f9f9 !important;}&#8221;][vc_row equal_height=&#8221;yes&#8221; content_placement=&#8221;middle&#8221;][vc_column width=&#8221;1\/2&#8243; css=&#8221;.vc_custom_1582279759198{padding-right: 0px !important;padding-left: 0px !important;background-image: url(https:\/\/www.hotelduparc.fr\/wp-content\/uploads\/2020\/01\/soiree-affaire.jpg?id=2233) !important;}&#8221;][\/vc_column][vc_column width=&#8221;1\/2&#8243; el_class=&#8221;tx-grille&#8221; css=&#8221;.vc_custom_1582279847746{background-color: #ffffff !important;}&#8221;][vc_column_text el_class=&#8221;soustitre&#8221;]<\/p>\n<p style=\"text-align: center;\">A business trip to Saumur?<\/p>\n<p>[\/vc_column_text]\n    <div class=\"nd_options_section nd_options_line_height_0 separateur nd_options_text_align_center \">\n        <span style=\"height:1px; width:30px; background-color:#878787;\" class=\"nd_options_display_inline_block\"><\/span>\n    <\/div>\n   [vc_column_text]<\/p>\n<h2 style=\"text-align: center;\">Business overnight stay<\/h2>\n<p>[\/vc_column_text][vc_column_text el_class=&#8221;smaller-list&#8221;]<strong>The 2 Dish Overnight Stay*:<\/strong> includes Diner with the Menu du Parc, Starter and Main Courser or Main Course and Dessert (drink not included), the night in a Comfort Room and Breakfast, starting from <strong>\u20ac 99.00<\/strong><\/p>\n<ul>\n<li>Free unlimited wifi access<\/li>\n<li>Desk space with phone<\/li>\n<li>Television with Cable Channels, Canal+, Bein Sport, CanalSat<\/li>\n<li>1 bed 160&#215;200 or 2 single beds<\/li>\n<li>Bathroom with Bath or Shower and Toilet.<\/li>\n<li>Heated pool open from May to September from 7 a.m. to 7 p.m.<\/li>\n<\/ul>\n<p>Starting from 7am, our Breakfast Buffet is open to welcome you to start a good day of work. (For an early departures, it is possible to ask for a breakfast tray in room if asked the night before).<\/p>\n<p><em>Valid from Monday to Thursday<\/em><\/p>\n<p><em>*<strong>Option 3 Dish Overnight Stay<\/strong><\/em>[\/vc_column_text][vc_row_inner][vc_column_inner width=&#8221;1\/2&#8243;][vc_column_text]<a target=\"_blank\" href=\"https:\/\/premium.logishotels.com\/reservit\/reserhotel.php?action=resa&id=233&hotelid=5133&lang=en&fday=06&fmonth=04&fyear=2026&nbnights=1&nbadt=1&rateid=&catcode=1004937&nbchd=1.\" class=\"reserveit_btn\">Book the 2 Dish Overnight Stay <\/a>[\/vc_column_text][\/vc_column_inner][vc_column_inner width=&#8221;1\/2&#8243;][vc_column_text]<a target=\"_blank\" href=\"https:\/\/premium.logishotels.com\/reservit\/reserhotel.php?action=resa&id=233&hotelid=5133&lang=en&fday=06&fmonth=04&fyear=2026&nbnights=1&nbadt=1&rateid=&catcode=1004938&nbchd=1.\" class=\"reserveit_btn\">Book the 3 Dish Overnight Stay <\/a>[\/vc_column_text][\/vc_column_inner][\/vc_row_inner][\/vc_column][\/vc_row][vc_row equal_height=&#8221;yes&#8221; content_placement=&#8221;middle&#8221; disable_element=&#8221;yes&#8221;][vc_column width=&#8221;1\/2&#8243; el_class=&#8221;tx-grille&#8221; css=&#8221;.vc_custom_1582279847746{background-color: #ffffff !important;}&#8221;][vc_column_text el_class=&#8221;soustitre&#8221;]<\/p>\n<p style=\"text-align: center;\">Enjoy the tropical water park!<\/p>\n<p>[\/vc_column_text]\n    <div class=\"nd_options_section nd_options_line_height_0 separateur nd_options_text_align_center \">\n        <span style=\"height:1px; width:30px; background-color:#878787;\" class=\"nd_options_display_inline_block\"><\/span>\n    <\/div>\n   [vc_column_text]<\/p>\n<h2 style=\"text-align: center;\">Center Parcs Offer<\/h2>\n<p>[\/vc_column_text][vc_column_text]<\/p>\n<p style=\"text-align: left;\">We offer you in partnership with the bois des Daims (20kms from the hotel):<\/p>\n<ul style=\"text-align: left;\">\n<li>The night in a hotel room<\/li>\n<li>Buffet breakfasts at the hotel<\/li>\n<li>Heated pool open from May to September from 7 a.m. to 7 p.m.<\/li>\n<li>Day entrances to the Aqua Mundo of the Center Parcs Bois aux Daims, a true tropical water park.<\/li>\n<\/ul>\n<p style=\"text-align: left;\"><em><strong>Imperative<\/strong>: when booking, please let us know the date of entry to Aqua Mundo (depending on our partner&#8217;s availability)<\/em><\/p>\n<p>[\/vc_column_text][vc_column_text el_class=&#8221;reserveit_btn-wrap&#8221;]<a target=\"_blank\" href=\"https:\/\/premium.logishotels.com\/reservit\/reserhotel.php?action=resa&id=233&hotelid=5133&lang=en&fday=06&fmonth=04&fyear=2026&nbnights=1&nbadt=1&rateid=535114&catcode=&nbchd=1.\" class=\"reserveit_btn\">Book for this offer <\/a>[\/vc_column_text][\/vc_column][vc_column width=&#8221;1\/2&#8243; css=&#8221;.vc_custom_1582279908021{padding-right: 0px !important;padding-left: 0px !important;background-image: url(https:\/\/www.hotelduparc.fr\/wp-content\/uploads\/2020\/01\/centerparcs.jpg?id=2222) !important;}&#8221;][\/vc_column][\/vc_row][\/vc_section][vc_row equal_height=&#8221;yes&#8221; content_placement=&#8221;middle&#8221; el_class=&#8221;intro intro-offres&#8221;][vc_column css=&#8221;.vc_custom_1583319960314{margin-top: 10px !important;margin-bottom: 10px !important;padding-top: 0px !important;padding-right: 40px !important;}&#8221; offset=&#8221;vc_col-lg-4 vc_col-md-4 vc_col-xs-12&#8243;][vc_column_text el_class=&#8221;soustitre&#8221;]<\/p>\n<p style=\"text-align: right;\">Hotel &#8211; Restaurant du Parc<\/p>\n<p>[\/vc_column_text]\n    <div class=\"nd_options_section nd_options_line_height_0 separateur nd_options_text_align_right \">\n        <span style=\"height:1px; width:30px; background-color:#878787;\" class=\"nd_options_display_inline_block\"><\/span>\n    <\/div>\n   [vc_column_text]<\/p>\n<h2 style=\"text-align: right;\">Rates, offers &amp; packages<\/h2>\n<p>[\/vc_column_text][vc_column_text css=&#8221;.vc_custom_1579536012346{margin-bottom: 15px !important;}&#8221;]<\/p>\n<p style=\"text-align: right;\">Prepare your stay at the <i class=\"icon-ico-etoile\"><\/i> H\u00f4tel du Parc in the Loire Valley in Saumur by consulting all our offers and rates.<\/p>\n<p>[\/vc_column_text][\/vc_column][vc_column css=&#8221;.vc_custom_1583319984291{margin-top: 10px !important;margin-bottom: 10px !important;padding-top: 0px !important;}&#8221; offset=&#8221;vc_col-lg-8 vc_col-md-8 vc_col-xs-12&#8243;][vc_row_inner equal_height=&#8221;yes&#8221; content_placement=&#8221;top&#8221; el_class=&#8221;bloc-offres&#8221;][vc_column_inner el_class=&#8221;bon-plan&#8221; width=&#8221;1\/2&#8243; offset=&#8221;vc_col-lg-6 vc_col-md-6 vc_col-xs-12&#8243;][vc_column_text el_class=&#8221;entete&#8221;]<\/p>\n<h3>The good tip<\/h3>\n<p>[\/vc_column_text][vc_column_text]Enjoy a last minute offer and get a discount on the best rate of the day on our rooms.<\/p>\n<p><strong>Conditions :<\/strong><\/p>\n<ul>\n<li>Prepaid by Bank Card for the nights (breakfast not included) at the booking.<\/li>\n<li>Offer cannot be combined with other offers<\/li>\n<li>Non-exchangeable, not cancellable and non-refundable<\/li>\n<\/ul>\n<p>[\/vc_column_text][vc_column_text el_class=&#8221;reserveit_btn-wrap&#8221;]<a target=\"_blank\" href=\"https:\/\/premium.logishotels.com\/reservit\/reserhotel.php?action=resa&id=233&hotelid=5133&lang=en&fday=06&fmonth=04&fyear=2026&nbnights=1&nbadt=1&rateid=51008&catcode=&nbchd=1.\" class=\"reserveit_btn\">Book for this offer <\/a>[\/vc_column_text][\/vc_column_inner][vc_column_inner el_class=&#8221;avant-premiere&#8221; width=&#8221;1\/2&#8243; offset=&#8221;vc_col-lg-6 vc_hidden-lg vc_col-md-6 vc_hidden-md vc_hidden-sm vc_col-xs-12&#8243;][vc_column_text el_class=&#8221;entete&#8221;]<\/p>\n<h3>Early booking<\/h3>\n<p>[\/vc_column_text][vc_column_text]Book at least 2 days before the date of your stay and get a discount on the best rate available on our rooms.<\/p>\n<ul>\n<li>Prepaid by Bank Card for the nights (breakfast not included) at the booking.<\/li>\n<li>Non-cumulative offer with other available offers<\/li>\n<li>No-changes, no cancellation and no-refund<\/li>\n<\/ul>\n<p>[\/vc_column_text][vc_column_text el_class=&#8221;reserveit_btn-wrap&#8221;]<a target=\"_blank\" href=\"https:\/\/premium.logishotels.com\/reservit\/reserhotel.php?action=resa&id=233&hotelid=5133&lang=en&fday=06&fmonth=04&fyear=2026&nbnights=1&nbadt=1&rateid=51008&catcode=&nbchd=1.\" class=\"reserveit_btn\">Book for this offer <\/a>[\/vc_column_text][\/vc_column_inner][\/vc_row_inner][\/vc_column][\/vc_row][vc_row full_width=&#8221;stretch_row&#8221; el_class=&#8221;nd_options_vc_parallax_filter_2_4 offres-petitdej&#8221; el_id=&#8221;petitdej&#8221; css=&#8221;.vc_custom_1582276331849{background-image: url(https:\/\/www.hotelduparc.fr\/wp-content\/uploads\/2020\/01\/petit-dejeuner.jpg?id=1967) !important;}&#8221;][vc_column width=&#8221;5\/6&#8243; el_class=&#8221;nd_options_text_align_center&#8221; css=&#8221;.vc_custom_1583320042635{background-color: rgba(255,255,255,0.9) !important;*background-color: rgb(255,255,255) !important;}&#8221; offset=&#8221;vc_col-lg-offset-2 vc_col-lg-8 vc_col-md-offset-1 vc_col-md-10 vc_col-sm-offset-1 vc_col-xs-12&#8243;][vc_column_text]<\/p>\n<h2 style=\"text-align: center;\">Children Breakfast is offered<\/h2>\n<p>[\/vc_column_text][vc_column_text css=&#8221;.vc_custom_1625923057503{margin-bottom: 0px !important;}&#8221;]Welcome to Families !<\/p>\n<p><strong>Children of less than 10 years old get a Free Breakfast.<\/strong><\/p>\n<p>A bespoke offer that includes :[\/vc_column_text][vc_row_inner css=&#8221;.vc_custom_1579525866729{margin-bottom: 0px !important;}&#8221;][vc_column_inner width=&#8221;1\/2&#8243;][vc_column_text]<\/p>\n<ul>\n<li>&#8220;DUPLEX FAMILY SUITE&#8221; for 2 adults and 2 children<\/li>\n<li>Cartoon TV channel<\/li>\n<\/ul>\n<p>[\/vc_column_text][\/vc_column_inner][vc_column_inner width=&#8221;1\/2&#8243;][vc_column_text]<\/p>\n<ul>\n<li>Baby bed available&#8230;<\/li>\n<li>Balanced children&#8217;s special menu at the restaurant<\/li>\n<li>Heated pool open from May to September from 7 a.m. to 7 p.m.<\/li>\n<\/ul>\n<p>[\/vc_column_text][\/vc_column_inner][\/vc_row_inner][vc_column_text el_class=&#8221;conditions&#8221;]<\/p>\n<p style=\"text-align: center;\"><em><strong>Conditions<\/strong>: 1 Adult Breakfast purchased = 1 Free Breakfast for a Child of less than 12 Years old. Offer not cumulative with other offers, and valid by booking directly on our website or by phone.<\/em><\/p>\n<p>[\/vc_column_text][vc_column_text el_class=&#8221;reserveit_btn-wrap&#8221;]<a target=\"_blank\" href=\"https:\/\/premium.logishotels.com\/reservit\/reserhotel.php?action=resa&id=233&hotelid=5133&lang=en&fday=06&fmonth=04&fyear=2026&nbnights=1&nbadt=1&rateid=81223&catcode=&nbchd=1.\" class=\"reserveit_btn\">Book for this offer <\/a>[\/vc_column_text][\/vc_column][\/vc_row][vc_row full_width=&#8221;stretch_row&#8221; equal_height=&#8221;yes&#8221; content_placement=&#8221;middle&#8221; el_id=&#8221;logis&#8221; el_class=&#8221;ancre&#8221; css=&#8221;.vc_custom_1582130195560{background-color: #f9f9f9 !important;}&#8221;][vc_column width=&#8221;1\/3&#8243; offset=&#8221;vc_col-lg-offset-1 vc_col-lg-4 vc_col-md-offset-1 vc_col-md-4 vc_col-xs-12&#8243;]\n    <div style=\"text-align:center;\" class=\"nd_options_section\">\n      <img alt=\"\" style=\"width:;\" class=\" nd_options_margin_0 nd_options_padding_0 \" src=\"https:\/\/www.hotelduparc.fr\/wp-content\/uploads\/2020\/01\/carte-o-logis-1.jpg\">\n    <\/div>\n   [\/vc_column][vc_column width=&#8221;2\/3&#8243; offset=&#8221;vc_col-lg-7 vc_col-md-7 vc_col-xs-12&#8243;][vc_column_text el_class=&#8221;soustitre&#8221;]<\/p>\n<p style=\"text-align: left;\">Member of the Logis network<\/p>\n<p>[\/vc_column_text]\n    <div class=\"nd_options_section nd_options_line_height_0 separateur nd_options_text_align_left \">\n        <span style=\"height:1px; width:30px; background-color:#878787;\" class=\"nd_options_display_inline_block\"><\/span>\n    <\/div>\n   [vc_column_text]<\/p>\n<h2 style=\"text-align: left;\">O&#8217;Logis loyalty card<\/h2>\n<p>[\/vc_column_text][vc_column_text]<\/p>\n<p style=\"text-align: left;\">You regularly frequent <a href=\"https:\/\/www.logishotels.com\/en\/\" target=\"_blank\" rel=\"noopener noreferrer\">Logis<\/a> hotel and restaurants, enjoy exclusive benefits with <strong>the O&#8217;Logis card :<\/strong><\/p>\n<ul>\n<li style=\"text-align: left;\">Free membership<\/li>\n<li style=\"text-align: left;\">Cumulative points during your business and leisure stays in our hotels ans restaurants<\/li>\n<li style=\"text-align: left;\">Turn your points into loyalty vouchers valid throughout the network<\/li>\n<\/ul>\n<p>You are well&#8230; You are in a hotel <em>Logis<\/em>.[\/vc_column_text][\/vc_column][\/vc_row]<\/p>\n","protected":false},"excerpt":{"rendered":"<p>[vc_section full_width=&#8221;stretch_row&#8221; el_class=&#8221;grille-offres&#8221; el_id=&#8221;grille-tx-img&#8221; css=&#8221;.vc_custom_1582279829250{background-color: #f9f9f9 !important;}&#8221;][vc_row equal_height=&#8221;yes&#8221; content_placement=&#8221;middle&#8221;][vc_column width=&#8221;1\/2&#8243; css=&#8221;.vc_custom_1582279759198{padding-right: 0px !important;padding-left: 0px !important;background-image: url(https:\/\/www.hotelduparc.fr\/wp-content\/uploads\/2020\/01\/soiree-affaire.jpg?id=2233) !important;}&#8221;][\/vc_column][vc_column width=&#8221;1\/2&#8243; el_class=&#8221;tx-grille&#8221; css=&#8221;.vc_custom_1582279847746{background-color: #ffffff !important;}&#8221;][vc_column_text el_class=&#8221;soustitre&#8221;] A business trip to Saumur? [\/vc_column_text][vc_column_text] Business overnight stay [\/vc_column_text][vc_column_text el_class=&#8221;smaller-list&#8221;]The 2 Dish Overnight Stay*: includes Diner with the Menu du Parc, Starter and Main Courser or Main Course and Dessert (drink [&hellip;]<\/p>\n","protected":false},"author":1,"featured_media":0,"parent":0,"menu_order":0,"comment_status":"closed","ping_status":"closed","template":"","meta":[],"yoast_head":"<!-- This site is optimized with the Yoast SEO plugin v20.5 - https:\/\/yoast.com\/wordpress\/plugins\/seo\/ -->\n<title>Our offers | Hotel du Parc | Hotel - Restaurant in Saumur (49)<\/title>\n<meta name=\"description\" content=\"Prepare your stay at the H\u00f4tel du Parc in the Loire Valley in Saumur by consulting all our offers and rates.\" \/>\n<meta name=\"robots\" content=\"index, follow, max-snippet:-1, max-image-preview:large, max-video-preview:-1\" \/>\n<link rel=\"canonical\" href=\"https:\/\/www.hotelduparc.fr\/en\/offers\/\" \/>\n<meta property=\"og:locale\" content=\"en_US\" \/>\n<meta property=\"og:type\" content=\"article\" \/>\n<meta property=\"og:title\" content=\"Our offers | Hotel du Parc | Hotel - Restaurant in Saumur (49)\" \/>\n<meta property=\"og:description\" content=\"Prepare your stay at the H\u00f4tel du Parc in the Loire Valley in Saumur by consulting all our offers and rates.\" \/>\n<meta property=\"og:url\" content=\"https:\/\/www.hotelduparc.fr\/en\/offers\/\" \/>\n<meta property=\"og:site_name\" content=\"Saumur H\u00f4tel Avec Piscine - H\u00f4tel du Parc ***\" \/>\n<meta property=\"article:modified_time\" content=\"2021-07-10T13:17:43+00:00\" \/>\n<meta name=\"twitter:card\" content=\"summary_large_image\" \/>\n<meta name=\"twitter:label1\" content=\"Est. reading time\" \/>\n\t<meta name=\"twitter:data1\" content=\"4 minutes\" \/>\n<script type=\"application\/ld+json\" class=\"yoast-schema-graph\">{\"@context\":\"https:\/\/schema.org\",\"@graph\":[{\"@type\":\"WebPage\",\"@id\":\"https:\/\/www.hotelduparc.fr\/en\/offers\/\",\"url\":\"https:\/\/www.hotelduparc.fr\/en\/offers\/\",\"name\":\"Our offers | Hotel du Parc | Hotel - Restaurant in Saumur (49)\",\"isPartOf\":{\"@id\":\"https:\/\/www.hotelduparc.fr\/#website\"},\"datePublished\":\"2020-03-06T10:43:43+00:00\",\"dateModified\":\"2021-07-10T13:17:43+00:00\",\"description\":\"Prepare your stay at the H\u00f4tel du Parc in the Loire Valley in Saumur by consulting all our offers and rates.\",\"breadcrumb\":{\"@id\":\"https:\/\/www.hotelduparc.fr\/en\/offers\/#breadcrumb\"},\"inLanguage\":\"en-US\",\"potentialAction\":[{\"@type\":\"ReadAction\",\"target\":[\"https:\/\/www.hotelduparc.fr\/en\/offers\/\"]}]},{\"@type\":\"BreadcrumbList\",\"@id\":\"https:\/\/www.hotelduparc.fr\/en\/offers\/#breadcrumb\",\"itemListElement\":[{\"@type\":\"ListItem\",\"position\":1,\"name\":\"Accueil\",\"item\":\"https:\/\/www.hotelduparc.fr\/en\/\"},{\"@type\":\"ListItem\",\"position\":2,\"name\":\"Offers\"}]},{\"@type\":\"WebSite\",\"@id\":\"https:\/\/www.hotelduparc.fr\/#website\",\"url\":\"https:\/\/www.hotelduparc.fr\/\",\"name\":\"Saumur H\u00f4tel Avec Piscine - H\u00f4tel du Parc ***\",\"description\":\"Saumur H\u00f4tel restaurant Avec Piscine\",\"publisher\":{\"@id\":\"https:\/\/www.hotelduparc.fr\/#organization\"},\"potentialAction\":[{\"@type\":\"SearchAction\",\"target\":{\"@type\":\"EntryPoint\",\"urlTemplate\":\"https:\/\/www.hotelduparc.fr\/?s={search_term_string}\"},\"query-input\":\"required name=search_term_string\"}],\"inLanguage\":\"en-US\"},{\"@type\":\"Organization\",\"@id\":\"https:\/\/www.hotelduparc.fr\/#organization\",\"name\":\"H\u00f4tel du Parc\",\"url\":\"https:\/\/www.hotelduparc.fr\/\",\"logo\":{\"@type\":\"ImageObject\",\"inLanguage\":\"en-US\",\"@id\":\"https:\/\/www.hotelduparc.fr\/#\/schema\/logo\/image\/\",\"url\":\"https:\/\/www.hotelduparc.fr\/wp-content\/uploads\/2020\/01\/logo-hotelduparc-1.png\",\"contentUrl\":\"https:\/\/www.hotelduparc.fr\/wp-content\/uploads\/2020\/01\/logo-hotelduparc-1.png\",\"width\":225,\"height\":120,\"caption\":\"H\u00f4tel du Parc\"},\"image\":{\"@id\":\"https:\/\/www.hotelduparc.fr\/#\/schema\/logo\/image\/\"}}]}<\/script>\n<!-- \/ Yoast SEO plugin. -->","yoast_head_json":{"title":"Our offers | Hotel du Parc | Hotel - Restaurant in Saumur (49)","description":"Prepare your stay at the H\u00f4tel du Parc in the Loire Valley in Saumur by consulting all our offers and rates.","robots":{"index":"index","follow":"follow","max-snippet":"max-snippet:-1","max-image-preview":"max-image-preview:large","max-video-preview":"max-video-preview:-1"},"canonical":"https:\/\/www.hotelduparc.fr\/en\/offers\/","og_locale":"en_US","og_type":"article","og_title":"Our offers | Hotel du Parc | Hotel - Restaurant in Saumur (49)","og_description":"Prepare your stay at the H\u00f4tel du Parc in the Loire Valley in Saumur by consulting all our offers and rates.","og_url":"https:\/\/www.hotelduparc.fr\/en\/offers\/","og_site_name":"Saumur H\u00f4tel Avec Piscine - H\u00f4tel du Parc ***","article_modified_time":"2021-07-10T13:17:43+00:00","twitter_card":"summary_large_image","twitter_misc":{"Est. reading time":"4 minutes"},"schema":{"@context":"https:\/\/schema.org","@graph":[{"@type":"WebPage","@id":"https:\/\/www.hotelduparc.fr\/en\/offers\/","url":"https:\/\/www.hotelduparc.fr\/en\/offers\/","name":"Our offers | Hotel du Parc | Hotel - Restaurant in Saumur (49)","isPartOf":{"@id":"https:\/\/www.hotelduparc.fr\/#website"},"datePublished":"2020-03-06T10:43:43+00:00","dateModified":"2021-07-10T13:17:43+00:00","description":"Prepare your stay at the H\u00f4tel du Parc in the Loire Valley in Saumur by consulting all our offers and rates.","breadcrumb":{"@id":"https:\/\/www.hotelduparc.fr\/en\/offers\/#breadcrumb"},"inLanguage":"en-US","potentialAction":[{"@type":"ReadAction","target":["https:\/\/www.hotelduparc.fr\/en\/offers\/"]}]},{"@type":"BreadcrumbList","@id":"https:\/\/www.hotelduparc.fr\/en\/offers\/#breadcrumb","itemListElement":[{"@type":"ListItem","position":1,"name":"Accueil","item":"https:\/\/www.hotelduparc.fr\/en\/"},{"@type":"ListItem","position":2,"name":"Offers"}]},{"@type":"WebSite","@id":"https:\/\/www.hotelduparc.fr\/#website","url":"https:\/\/www.hotelduparc.fr\/","name":"Saumur H\u00f4tel Avec Piscine - H\u00f4tel du Parc ***","description":"Saumur H\u00f4tel restaurant Avec Piscine","publisher":{"@id":"https:\/\/www.hotelduparc.fr\/#organization"},"potentialAction":[{"@type":"SearchAction","target":{"@type":"EntryPoint","urlTemplate":"https:\/\/www.hotelduparc.fr\/?s={search_term_string}"},"query-input":"required name=search_term_string"}],"inLanguage":"en-US"},{"@type":"Organization","@id":"https:\/\/www.hotelduparc.fr\/#organization","name":"H\u00f4tel du Parc","url":"https:\/\/www.hotelduparc.fr\/","logo":{"@type":"ImageObject","inLanguage":"en-US","@id":"https:\/\/www.hotelduparc.fr\/#\/schema\/logo\/image\/","url":"https:\/\/www.hotelduparc.fr\/wp-content\/uploads\/2020\/01\/logo-hotelduparc-1.png","contentUrl":"https:\/\/www.hotelduparc.fr\/wp-content\/uploads\/2020\/01\/logo-hotelduparc-1.png","width":225,"height":120,"caption":"H\u00f4tel du Parc"},"image":{"@id":"https:\/\/www.hotelduparc.fr\/#\/schema\/logo\/image\/"}}]}},"_links":{"self":[{"href":"https:\/\/www.hotelduparc.fr\/en\/wp-json\/wp\/v2\/pages\/2688"}],"collection":[{"href":"https:\/\/www.hotelduparc.fr\/en\/wp-json\/wp\/v2\/pages"}],"about":[{"href":"https:\/\/www.hotelduparc.fr\/en\/wp-json\/wp\/v2\/types\/page"}],"author":[{"embeddable":true,"href":"https:\/\/www.hotelduparc.fr\/en\/wp-json\/wp\/v2\/users\/1"}],"replies":[{"embeddable":true,"href":"https:\/\/www.hotelduparc.fr\/en\/wp-json\/wp\/v2\/comments?post=2688"}],"version-history":[{"count":30,"href":"https:\/\/www.hotelduparc.fr\/en\/wp-json\/wp\/v2\/pages\/2688\/revisions"}],"predecessor-version":[{"id":3119,"href":"https:\/\/www.hotelduparc.fr\/en\/wp-json\/wp\/v2\/pages\/2688\/revisions\/3119"}],"wp:attachment":[{"href":"https:\/\/www.hotelduparc.fr\/en\/wp-json\/wp\/v2\/media?parent=2688"}],"curies":[{"name":"wp","href":"https:\/\/api.w.org\/{rel}","templated":true}]}}