{"id":2666,"date":"2020-03-05T16:32:12","date_gmt":"2020-03-05T15:32:12","guid":{"rendered":"https:\/\/www.hotelduparc.fr\/legal-notice\/"},"modified":"2020-07-01T12:37:30","modified_gmt":"2020-07-01T10:37:30","slug":"legal-notice","status":"publish","type":"page","link":"https:\/\/www.hotelduparc.fr\/en\/legal-notice\/","title":{"rendered":"Legal Notice"},"content":{"rendered":"<p>[vc_row full_width=&#8221;stretch_row&#8221; el_id=&#8221;mentions-legales&#8221; css=&#8221;.vc_custom_1579870721339{background-color: #f9f9f9 !important;}&#8221;][vc_column][vc_column_text]<\/p>\n<h2>hotelduparc.fr\/en is published by :<\/h2>\n<p>[\/vc_column_text][vc_row_inner][vc_column_inner width=&#8221;1\/2&#8243;][vc_column_text]<strong>MAFITEL, <\/strong>represented by AUBRIMO DEVELOPPEMENT acting as manager<br \/>\nSAS with a capital of 30 489,80 \u20ac<br \/>\nHead office : Avenue des Fusill\u00e9s 49400 SAUMUR<\/p>\n<p>Publication Director : M. Hicham IDRISSI[\/vc_column_text][\/vc_column_inner][vc_column_inner width=&#8221;1\/2&#8243;][vc_column_text]RCS : Angers B 419 701 248<br \/>\nSIRET 41970124800017 &#8211; APE 5510Z<br \/>\nIntra-EU VAT : FR09419701248<br \/>\nTelephone : <a href=\"tel:+33241671718\">+33 (0)2 41 67 17 18<\/a><br \/>\nE-mail : <a href=\"mai&#108;&#116;&#111;&#58;&#x63;&#x6f;&#x6e;&#x74;&#x61;&#x63;&#x74;&#64;ho&#116;&#101;&#108;&#100;&#117;&#x70;&#x61;&#x72;&#x63;&#x2e;&#x66;r\">&#x63;&#111;&#x6e;&#x74;&#97;&#x63;&#x74;&#64;&#x68;&#x6f;&#116;&#x65;&#x6c;d&#x75;&#x70;a&#x72;&#99;&#46;&#x66;&#114;<\/a>[\/vc_column_text][\/vc_column_inner][\/vc_row_inner][vc_row_inner][vc_column_inner width=&#8221;1\/2&#8243;][vc_column_text]<\/p>\n<h2>hotelduparc.fr\/en website is hosted by :<\/h2>\n<p>OVH<br \/>\n2 rue kellermann<br \/>\nBP 80157<br \/>\n59053 ROUBAIX Cedex 1<br \/>\nTelephone :+33 (0)8 203 203 63<br \/>\nE-mail : &#x73;&#x75;&#x70;&#x70;&#x6f;&#x72;&#x74;&#x40;&#x6f;&#x76;&#x68;&#46;&#99;&#111;&#109;<\/p>\n<p>[\/vc_column_text][\/vc_column_inner][vc_column_inner width=&#8221;1\/2&#8243;][vc_column_text]<\/p>\n<h2>hotelduparc.fr website was designed by :<\/h2>\n<p>Web Agency Enjin<br \/>\nE-mail : <a href=\"&#x6d;&#97;i&#x6c;&#x74;&#111;:&#x63;&#x6f;&#110;t&#x61;&#x63;&#116;&#64;&#x65;&#x6e;&#106;i&#x6e;&#46;&#102;r\">c&#111;&#110;&#x74;&#x61;&#x63;t&#64;&#101;&#x6e;&#x6a;&#x69;n&#46;&#102;&#x72;<\/a><br \/>\nWebsite : <a href=\"https:\/\/www.enjin.fr\">www.enjin.fr<\/a><\/p>\n<p>[\/vc_column_text][\/vc_column_inner][\/vc_row_inner][vc_column_text]<\/p>\n<h2>Intellectual properties<\/h2>\n<p>The content of the hotelduparc.fr\/en site (build, design, text, images, animations, logo) are the exclusive property of MAFITEL. Any use of any elements of the hotelduparc.fr site including reproduction, modification, diffusion or republishing without the prior written consent of MAFITEL is strictly prohibited. Any request for approval to reproduce this site in whole or in part must be sent to &#x63;&#x6f;&#x6e;&#x74;&#97;&#99;t&#64;h&#x6f;&#x74;&#x65;&#x6c;&#100;&#117;par&#x63;&#x2e;&#x66;&#x72;.<\/p>\n<h2>Limitation of liability<\/h2>\n<p>The hotelduparc.fr\/en site cannot be held responsible for errors encountered on the site, technical problems, interpretation of published information and consequences of their use. As a result, the user acknowledges using this information under their exclusive responsibility.<\/p>\n<h2>Cookies policy<\/h2>\n<p>The hotelduparc.fr\/en site uses cookies, small text files that are placed on your computer to help us provide a better user experience. Cookies are used on our site to provide anonymous tracking data to a third-party application: Google Analytics. As a rule, cookies will improve your browsing experience. However, you can disable cookies on this site by disabling cookies in your browser. Declining to install a cookie may result in the impossibility of accessing certain services. You can however configure your browser to refuse the installation of cookies :<\/p>\n<ul>\n<li>For Internet Explorer : <a href=\"https:\/\/support.microsoft.com\/fr-fr\/help\/17442\/windows-internet-explorer-delete-manage-cookies\" target=\"_blank\" rel=\"noopener noreferrer\">https:\/\/support.microsoft.com\/fr-fr\/help\/17442\/windows-internet-explorer-delete-manage-cookies<\/a><\/li>\n<li>For IFirefox : <a href=\"https:\/\/support.mozilla.org\/fr\/kb\/empecher-sites-enregistrer-preferences\" target=\"_blank\" rel=\"noopener noreferrer\">https:\/\/support.mozilla.org\/en-US\/kb\/block-websites-storing-cookies-site-data-firefox<\/a><\/li>\n<li>For Safari : <a href=\"https:\/\/support.apple.com\/kb\/PH21411?viewlocale=fr_CA&amp;locale=fr_CA\" target=\"_blank\" rel=\"noopener noreferrer\">https:\/\/support.apple.com\/en-us\/HT201265<\/a><\/li>\n<li>For Chrome : <a href=\"https:\/\/support.google.com\/chrome\/answer\/95647?co=GENIE.Platform%3DDesktop&amp;hl=fr\" target=\"_blank\" rel=\"noopener noreferrer\">https:\/\/support.google.com\/chrome\/answer\/95647?co=GENIE.Platform%3DDesktop&amp;hl=en<\/a><\/li>\n<\/ul>\n<h2>Privacy Policy<\/h2>\n<p>This Privacy Policy explains in details the terms and conditions for collecting, using, and sharing any personal or non-personal data that you provide to MAFITEL when using our website.<\/p>\n<h3>\u2013 Definition of Personal and non-personal data<\/h3>\n<p>Personal data (\u201cpersonal data\u201d) refers to any information that identifies you specifically as a person where non-personal data (\u201cnon-personal data\u201d) refers to any information that does not identify you as a person in particular.<br \/>\nH\u00f4tel du Parc will always comply with the applicable regulatory definition to determine which data is personal and which data is not to comply with this Privacy Policy. When this Privacy Policy refers to \u201cdata\u201d or \u201cyour data\u201d, this may include personal data as well as non-personal data.<\/p>\n<p>This privacy policy applies only the data collected by our site.<\/p>\n<h3>\u2013 Collected data and use<\/h3>\n<p>The data collected on hotelduparc.fr\/en are used only in the legal framework applicable in France for the respect of the individual privacy. MAFITEL is the only recipient of this data.<br \/>\nWhen using the hotelduparc.fr\/en website, the following personal data may be collected :<br \/>\n\u2013 the URL of the links through which you accessed the hotelduparc.fr\/en site,<br \/>\n\u2013 your IP address.<\/p>\n<p>These data are used to facilitate the navigation on the site and to allow measurements of site traffic.<\/p>\n<p>When sending a form using our contact form :<br \/>\n\u2013 Last name and first name<br \/>\n\u2013 E-mail address<br \/>\n\u2013 Phone number<\/p>\n<p>This data is only used to reply to your request by e-mail or phone.<\/p>\n<p>MAFITEL is the only recipient of this data. Any personal data gathered on our site is not and will not be published without the user\u2019s explicit knowledge, exchanged, transferred, assigned or sold to any third party.<\/p>\n<h3>\u2013 Exercising your rights for your personal data<\/h3>\n<p>You have the right to access, modify, correct and delete the data collected on this site, under the conditions enacted in article 31 of the law from January 6th 1978, modified about data processing, files and freedom, and those provided by European regulation 2016\/679 from April 27th 2016 (RGPD). To exercise this right, please contact us via <a href=\"https:\/\/www.hotelduparc.fr\/access-contact\/?lang=en\" target=\"_blank\" rel=\"noopener noreferrer\">our contact form.<\/a>[\/vc_column_text][\/vc_column][\/vc_row]<\/p>\n","protected":false},"excerpt":{"rendered":"<p>[vc_row full_width=&#8221;stretch_row&#8221; el_id=&#8221;mentions-legales&#8221; css=&#8221;.vc_custom_1579870721339{background-color: #f9f9f9 !important;}&#8221;][vc_column][vc_column_text] hotelduparc.fr\/en is published by : [\/vc_column_text][vc_row_inner][vc_column_inner width=&#8221;1\/2&#8243;][vc_column_text]MAFITEL, represented by AUBRIMO DEVELOPPEMENT acting as manager SAS with a capital of 30 489,80 \u20ac Head office : Avenue des Fusill\u00e9s 49400 SAUMUR Publication Director : M. Hicham IDRISSI[\/vc_column_text][\/vc_column_inner][vc_column_inner width=&#8221;1\/2&#8243;][vc_column_text]RCS : Angers B 419 701 248 SIRET 41970124800017 &#8211; APE 5510Z Intra-EU [&hellip;]<\/p>\n","protected":false},"author":1,"featured_media":0,"parent":0,"menu_order":0,"comment_status":"closed","ping_status":"closed","template":"","meta":[],"yoast_head":"<!-- This site is optimized with the Yoast SEO plugin v20.5 - https:\/\/yoast.com\/wordpress\/plugins\/seo\/ -->\n<title>Legal notice | Hotel du Parc | Hotel - Restaurant in Saumur (49)<\/title>\n<meta name=\"description\" content=\"A Saumur, venez d\u00e9couvrir notre H\u00f4tel Restaurant, sa piscine, salle de s\u00e9minaires, bar et salon, terrasse avec vue sur le jardin arbor\u00e9.\" \/>\n<meta name=\"robots\" content=\"index, follow, max-snippet:-1, max-image-preview:large, max-video-preview:-1\" \/>\n<link rel=\"canonical\" href=\"https:\/\/www.hotelduparc.fr\/en\/legal-notice\/\" \/>\n<meta property=\"og:locale\" content=\"en_US\" \/>\n<meta property=\"og:type\" content=\"article\" \/>\n<meta property=\"og:title\" content=\"Legal notice | Hotel du Parc | Hotel - Restaurant in Saumur (49)\" \/>\n<meta property=\"og:description\" content=\"A Saumur, venez d\u00e9couvrir notre H\u00f4tel Restaurant, sa piscine, salle de s\u00e9minaires, bar et salon, terrasse avec vue sur le jardin arbor\u00e9.\" \/>\n<meta property=\"og:url\" content=\"https:\/\/www.hotelduparc.fr\/en\/legal-notice\/\" \/>\n<meta property=\"og:site_name\" content=\"Saumur H\u00f4tel Avec Piscine - H\u00f4tel du Parc ***\" \/>\n<meta property=\"article:modified_time\" content=\"2020-07-01T10:37:30+00:00\" \/>\n<meta name=\"twitter:card\" content=\"summary_large_image\" \/>\n<meta name=\"twitter:label1\" content=\"Est. reading time\" \/>\n\t<meta name=\"twitter:data1\" content=\"4 minutes\" \/>\n<script type=\"application\/ld+json\" class=\"yoast-schema-graph\">{\"@context\":\"https:\/\/schema.org\",\"@graph\":[{\"@type\":\"WebPage\",\"@id\":\"https:\/\/www.hotelduparc.fr\/en\/legal-notice\/\",\"url\":\"https:\/\/www.hotelduparc.fr\/en\/legal-notice\/\",\"name\":\"Legal notice | Hotel du Parc | Hotel - Restaurant in Saumur (49)\",\"isPartOf\":{\"@id\":\"https:\/\/www.hotelduparc.fr\/#website\"},\"datePublished\":\"2020-03-05T15:32:12+00:00\",\"dateModified\":\"2020-07-01T10:37:30+00:00\",\"description\":\"A Saumur, venez d\u00e9couvrir notre H\u00f4tel Restaurant, sa piscine, salle de s\u00e9minaires, bar et salon, terrasse avec vue sur le jardin arbor\u00e9.\",\"breadcrumb\":{\"@id\":\"https:\/\/www.hotelduparc.fr\/en\/legal-notice\/#breadcrumb\"},\"inLanguage\":\"en-US\",\"potentialAction\":[{\"@type\":\"ReadAction\",\"target\":[\"https:\/\/www.hotelduparc.fr\/en\/legal-notice\/\"]}]},{\"@type\":\"BreadcrumbList\",\"@id\":\"https:\/\/www.hotelduparc.fr\/en\/legal-notice\/#breadcrumb\",\"itemListElement\":[{\"@type\":\"ListItem\",\"position\":1,\"name\":\"Accueil\",\"item\":\"https:\/\/www.hotelduparc.fr\/en\/\"},{\"@type\":\"ListItem\",\"position\":2,\"name\":\"Legal Notice\"}]},{\"@type\":\"WebSite\",\"@id\":\"https:\/\/www.hotelduparc.fr\/#website\",\"url\":\"https:\/\/www.hotelduparc.fr\/\",\"name\":\"Saumur H\u00f4tel Avec Piscine - H\u00f4tel du Parc ***\",\"description\":\"Saumur H\u00f4tel restaurant Avec Piscine\",\"publisher\":{\"@id\":\"https:\/\/www.hotelduparc.fr\/#organization\"},\"potentialAction\":[{\"@type\":\"SearchAction\",\"target\":{\"@type\":\"EntryPoint\",\"urlTemplate\":\"https:\/\/www.hotelduparc.fr\/?s={search_term_string}\"},\"query-input\":\"required name=search_term_string\"}],\"inLanguage\":\"en-US\"},{\"@type\":\"Organization\",\"@id\":\"https:\/\/www.hotelduparc.fr\/#organization\",\"name\":\"H\u00f4tel du Parc\",\"url\":\"https:\/\/www.hotelduparc.fr\/\",\"logo\":{\"@type\":\"ImageObject\",\"inLanguage\":\"en-US\",\"@id\":\"https:\/\/www.hotelduparc.fr\/#\/schema\/logo\/image\/\",\"url\":\"https:\/\/www.hotelduparc.fr\/wp-content\/uploads\/2020\/01\/logo-hotelduparc-1.png\",\"contentUrl\":\"https:\/\/www.hotelduparc.fr\/wp-content\/uploads\/2020\/01\/logo-hotelduparc-1.png\",\"width\":225,\"height\":120,\"caption\":\"H\u00f4tel du Parc\"},\"image\":{\"@id\":\"https:\/\/www.hotelduparc.fr\/#\/schema\/logo\/image\/\"}}]}<\/script>\n<!-- \/ Yoast SEO plugin. -->","yoast_head_json":{"title":"Legal notice | Hotel du Parc | Hotel - Restaurant in Saumur (49)","description":"A Saumur, venez d\u00e9couvrir notre H\u00f4tel Restaurant, sa piscine, salle de s\u00e9minaires, bar et salon, terrasse avec vue sur le jardin arbor\u00e9.","robots":{"index":"index","follow":"follow","max-snippet":"max-snippet:-1","max-image-preview":"max-image-preview:large","max-video-preview":"max-video-preview:-1"},"canonical":"https:\/\/www.hotelduparc.fr\/en\/legal-notice\/","og_locale":"en_US","og_type":"article","og_title":"Legal notice | Hotel du Parc | Hotel - Restaurant in Saumur (49)","og_description":"A Saumur, venez d\u00e9couvrir notre H\u00f4tel Restaurant, sa piscine, salle de s\u00e9minaires, bar et salon, terrasse avec vue sur le jardin arbor\u00e9.","og_url":"https:\/\/www.hotelduparc.fr\/en\/legal-notice\/","og_site_name":"Saumur H\u00f4tel Avec Piscine - H\u00f4tel du Parc ***","article_modified_time":"2020-07-01T10:37:30+00:00","twitter_card":"summary_large_image","twitter_misc":{"Est. reading time":"4 minutes"},"schema":{"@context":"https:\/\/schema.org","@graph":[{"@type":"WebPage","@id":"https:\/\/www.hotelduparc.fr\/en\/legal-notice\/","url":"https:\/\/www.hotelduparc.fr\/en\/legal-notice\/","name":"Legal notice | Hotel du Parc | Hotel - Restaurant in Saumur (49)","isPartOf":{"@id":"https:\/\/www.hotelduparc.fr\/#website"},"datePublished":"2020-03-05T15:32:12+00:00","dateModified":"2020-07-01T10:37:30+00:00","description":"A Saumur, venez d\u00e9couvrir notre H\u00f4tel Restaurant, sa piscine, salle de s\u00e9minaires, bar et salon, terrasse avec vue sur le jardin arbor\u00e9.","breadcrumb":{"@id":"https:\/\/www.hotelduparc.fr\/en\/legal-notice\/#breadcrumb"},"inLanguage":"en-US","potentialAction":[{"@type":"ReadAction","target":["https:\/\/www.hotelduparc.fr\/en\/legal-notice\/"]}]},{"@type":"BreadcrumbList","@id":"https:\/\/www.hotelduparc.fr\/en\/legal-notice\/#breadcrumb","itemListElement":[{"@type":"ListItem","position":1,"name":"Accueil","item":"https:\/\/www.hotelduparc.fr\/en\/"},{"@type":"ListItem","position":2,"name":"Legal Notice"}]},{"@type":"WebSite","@id":"https:\/\/www.hotelduparc.fr\/#website","url":"https:\/\/www.hotelduparc.fr\/","name":"Saumur H\u00f4tel Avec Piscine - H\u00f4tel du Parc ***","description":"Saumur H\u00f4tel restaurant Avec Piscine","publisher":{"@id":"https:\/\/www.hotelduparc.fr\/#organization"},"potentialAction":[{"@type":"SearchAction","target":{"@type":"EntryPoint","urlTemplate":"https:\/\/www.hotelduparc.fr\/?s={search_term_string}"},"query-input":"required name=search_term_string"}],"inLanguage":"en-US"},{"@type":"Organization","@id":"https:\/\/www.hotelduparc.fr\/#organization","name":"H\u00f4tel du Parc","url":"https:\/\/www.hotelduparc.fr\/","logo":{"@type":"ImageObject","inLanguage":"en-US","@id":"https:\/\/www.hotelduparc.fr\/#\/schema\/logo\/image\/","url":"https:\/\/www.hotelduparc.fr\/wp-content\/uploads\/2020\/01\/logo-hotelduparc-1.png","contentUrl":"https:\/\/www.hotelduparc.fr\/wp-content\/uploads\/2020\/01\/logo-hotelduparc-1.png","width":225,"height":120,"caption":"H\u00f4tel du Parc"},"image":{"@id":"https:\/\/www.hotelduparc.fr\/#\/schema\/logo\/image\/"}}]}},"_links":{"self":[{"href":"https:\/\/www.hotelduparc.fr\/en\/wp-json\/wp\/v2\/pages\/2666"}],"collection":[{"href":"https:\/\/www.hotelduparc.fr\/en\/wp-json\/wp\/v2\/pages"}],"about":[{"href":"https:\/\/www.hotelduparc.fr\/en\/wp-json\/wp\/v2\/types\/page"}],"author":[{"embeddable":true,"href":"https:\/\/www.hotelduparc.fr\/en\/wp-json\/wp\/v2\/users\/1"}],"replies":[{"embeddable":true,"href":"https:\/\/www.hotelduparc.fr\/en\/wp-json\/wp\/v2\/comments?post=2666"}],"version-history":[{"count":4,"href":"https:\/\/www.hotelduparc.fr\/en\/wp-json\/wp\/v2\/pages\/2666\/revisions"}],"predecessor-version":[{"id":2954,"href":"https:\/\/www.hotelduparc.fr\/en\/wp-json\/wp\/v2\/pages\/2666\/revisions\/2954"}],"wp:attachment":[{"href":"https:\/\/www.hotelduparc.fr\/en\/wp-json\/wp\/v2\/media?parent=2666"}],"curies":[{"name":"wp","href":"https:\/\/api.w.org\/{rel}","templated":true}]}}