{"id":2653,"date":"2020-03-05T15:58:00","date_gmt":"2020-03-05T14:58:00","guid":{"rendered":"https:\/\/www.hotelduparc.fr\/access-contact\/"},"modified":"2020-09-25T11:26:03","modified_gmt":"2020-09-25T09:26:03","slug":"access-contact","status":"publish","type":"page","link":"https:\/\/www.hotelduparc.fr\/en\/access-contact\/","title":{"rendered":"Access &#038; Contact"},"content":{"rendered":"<p>[vc_row equal_height=&#8221;yes&#8221; content_placement=&#8221;middle&#8221; el_class=&#8221;rangee-contact intro&#8221;][vc_column offset=&#8221;vc_col-lg-6 vc_col-md-6 vc_col-xs-12&#8243;][vc_column_text css=&#8221;.vc_custom_1583338393488{margin-bottom: 0px !important;}&#8221;]<span class=\"nicdark_font_size_70 nicdark_float_left nicdark_padding_28 nicdark_line_height_30 nd_options_first_font dropcap \">T<\/span>he H\u00f4tel du Parc is a couple of steps from Saumur towncenter and an hour from Tours. It is ideally located to discover the pretty shores of the Loire, alone, with family or couple.[\/vc_column_text][\/vc_column][vc_column el_class=&#8221;tableau-contact&#8221; offset=&#8221;vc_col-lg-6 vc_col-md-6 vc_col-xs-12&#8243;][vc_column_text css=&#8221;.vc_custom_1579086741910{margin-bottom: 15px !important;}&#8221;]<\/p>\n<h2>Frequent questions<\/h2>\n<p>[\/vc_column_text]\n  \n  <script type=\"text\/javascript\">\n    \/\/<![CDATA[\n    \n    jQuery(document).ready(function() {\n\n      \/\/toogle\n      jQuery( \".nd_options_toogle_title_open_524\" ).click(function() {\n        jQuery( \".nd_options_toogle_content_524\" ).show( \"slow\", function() {\n          jQuery( \".nd_options_toogle_title_open_524\" ).css(\"display\",\"none\");\n          jQuery( \".nd_options_toogle_title_close_524\" ).css(\"display\",\"block\");\n        });\n      });\n      jQuery( \".nd_options_toogle_title_close_524\" ).click(function() {\n        jQuery( \".nd_options_toogle_content_524\" ).hide( \"slow\", function() {\n          jQuery( \".nd_options_toogle_title_close_524\" ).css(\"display\",\"none\");\n          jQuery( \".nd_options_toogle_title_open_524\" ).css(\"display\",\"block\");  \n        }); \n      });\n\n    });\n\n    \/\/]]>\n  <\/script>\n\n  \n\n    <div class=\"nd_options_section nd_options_toogles_contact_2 \">\n\n      <div class=\"nd_options_section nd_options_box_sizing_border_box\">\n        <p class=\"nd_options_toogle_title nd_options_first_font nd_options_font_size_17 nd_options_position_relative nd_options_padding_right_20 nd_options_padding_top_5 nd_options_padding_left_45 nd_options_padding_bottom_5\">\n          <span style=\"background-color:#792159;\" class=\"nd_options_cursor_pointer nd_options_text_align_center nd_options_toogle_title_open_524 nd_options_width_25 nd_options_height_25  nd_options_position_absolute nd_options_top_0 nd_options_left_0\">\n            <img alt=\"\" class=\"nd_options_margin_top_6\" width=\"12\" src=\"https:\/\/www.hotelduparc.fr\/wp-content\/plugins\/nd-shortcodes\/shortcodes\/custom\/toogle\/icon-add-white.png\">\n          <\/span> \n          <span style=\"background-color:#792159;\"  class=\"nd_options_cursor_pointer nd_options_text_align_center nd_options_toogle_title_close_524 nd_options_width_25 nd_options_display_none nd_options_height_25  nd_options_position_absolute nd_options_top_0 nd_options_left_0\">\n            <img alt=\"\" class=\"nd_options_margin_top_6\" width=\"12\" src=\"https:\/\/www.hotelduparc.fr\/wp-content\/plugins\/nd-shortcodes\/shortcodes\/custom\/toogle\/icon-less-white.png\">\n          <\/span>\n          Do you accept pets?\n        <\/p>\n      <\/div>\n      \n      <div class=\"nd_options_display_none nd_options_padding_20 nd_options_padding_left_45 nd_options_toogle_content_524 nd_options_section nd_options_box_sizing_border_box\">\n        <p>We accept pets at an additional cost (11 \u20ac), except in the restaurant.<\/p>\n      <\/div>\n\n    <\/div>\n\n   \n  \n  <script type=\"text\/javascript\">\n    \/\/<![CDATA[\n    \n    jQuery(document).ready(function() {\n\n      \/\/toogle\n      jQuery( \".nd_options_toogle_title_open_66\" ).click(function() {\n        jQuery( \".nd_options_toogle_content_66\" ).show( \"slow\", function() {\n          jQuery( \".nd_options_toogle_title_open_66\" ).css(\"display\",\"none\");\n          jQuery( \".nd_options_toogle_title_close_66\" ).css(\"display\",\"block\");\n        });\n      });\n      jQuery( \".nd_options_toogle_title_close_66\" ).click(function() {\n        jQuery( \".nd_options_toogle_content_66\" ).hide( \"slow\", function() {\n          jQuery( \".nd_options_toogle_title_close_66\" ).css(\"display\",\"none\");\n          jQuery( \".nd_options_toogle_title_open_66\" ).css(\"display\",\"block\");  \n        }); \n      });\n\n    });\n\n    \/\/]]>\n  <\/script>\n\n  \n\n    <div class=\"nd_options_section nd_options_toogles_contact_2 \">\n\n      <div class=\"nd_options_section nd_options_box_sizing_border_box\">\n        <p class=\"nd_options_toogle_title nd_options_first_font nd_options_font_size_17 nd_options_position_relative nd_options_padding_right_20 nd_options_padding_top_5 nd_options_padding_left_45 nd_options_padding_bottom_5\">\n          <span style=\"background-color:#792159;\" class=\"nd_options_cursor_pointer nd_options_text_align_center nd_options_toogle_title_open_66 nd_options_width_25 nd_options_height_25  nd_options_position_absolute nd_options_top_0 nd_options_left_0\">\n            <img alt=\"\" class=\"nd_options_margin_top_6\" width=\"12\" src=\"https:\/\/www.hotelduparc.fr\/wp-content\/plugins\/nd-shortcodes\/shortcodes\/custom\/toogle\/icon-add-white.png\">\n          <\/span> \n          <span style=\"background-color:#792159;\"  class=\"nd_options_cursor_pointer nd_options_text_align_center nd_options_toogle_title_close_66 nd_options_width_25 nd_options_display_none nd_options_height_25  nd_options_position_absolute nd_options_top_0 nd_options_left_0\">\n            <img alt=\"\" class=\"nd_options_margin_top_6\" width=\"12\" src=\"https:\/\/www.hotelduparc.fr\/wp-content\/plugins\/nd-shortcodes\/shortcodes\/custom\/toogle\/icon-less-white.png\">\n          <\/span>\n          How to come to the Hotel - restaurant?\n        <\/p>\n      <\/div>\n      \n      <div class=\"nd_options_display_none nd_options_padding_20 nd_options_padding_left_45 nd_options_toogle_content_66 nd_options_section nd_options_box_sizing_border_box\">\n        <p><\/p>\n<ul>\n<li>Coming from Paris: A 85 exit n 3 Saumur<\/li>\n<li>Saumur station 1.9 km away<\/li>\n<li>Angers Loire Airport 49,5 km away<\/li>\n<\/ul>\n<p><\/p>\n      <\/div>\n\n    <\/div>\n\n   [\/vc_column][\/vc_row][vc_row equal_height=&#8221;yes&#8221; content_placement=&#8221;middle&#8221; el_class=&#8221;rangee-contact&#8221; el_id=&#8221;wrap-form&#8221;][vc_column offset=&#8221;vc_col-lg-6 vc_col-md-12 vc_col-xs-12&#8243;][vc_column_text css=&#8221;.vc_custom_1579088387720{margin-bottom: 15px !important;}&#8221;]<\/p>\n<h2>Write to us<\/h2>\n<p>[\/vc_column_text]\n\n    <style>\n\n    #nd_options_shortcode_cf7_2752 input[type=\"text\"],\n    #nd_options_shortcode_cf7_2752 input[type=\"email\"],\n    #nd_options_shortcode_cf7_2752 input[type=\"url\"],\n    #nd_options_shortcode_cf7_2752 input[type=\"tel\"],\n    #nd_options_shortcode_cf7_2752 input[type=\"number\"],\n    #nd_options_shortcode_cf7_2752 input[type=\"date\"],\n    #nd_options_shortcode_cf7_2752 input[type=\"checkbox\"],\n    #nd_options_shortcode_cf7_2752 input[type=\"file\"],\n    #nd_options_shortcode_cf7_2752 textarea,\n    #nd_options_shortcode_cf7_2752 label,\n    #nd_options_shortcode_cf7_2752 select\n    {\n\n      width: 100%;\n\n    }\n\n\n    .nd_options_customizer_forms span.wpcf7-not-valid-tip,\n    .nd_options_customizer_forms .wpcf7-response-output.wpcf7-validation-errors,\n    .nd_options_customizer_forms .wpcf7-response-output.wpcf7-mail-sent-ok\n    {\n\n      float: left;\n      width: 100%;\n      box-sizing: border-box;\n\n    }\n\n    <\/style>\n\n  \n\n    <!--start form-->\n    <div id=\"nd_options_shortcode_cf7_2752\" class=\"nd_options_section \">\n      \n      <div class=\"nd_options_section nd_options_box_sizing_border_box\">\n        \n<div class=\"wpcf7 no-js\" id=\"wpcf7-f2752-o1\" lang=\"fr-FR\" dir=\"ltr\">\n<div class=\"screen-reader-response\"><p role=\"status\" aria-live=\"polite\" aria-atomic=\"true\"><\/p> <ul><\/ul><\/div>\n<form action=\"\/en\/wp-json\/wp\/v2\/pages\/2653#wpcf7-f2752-o1\" method=\"post\" class=\"wpcf7-form init\" aria-label=\"Formulaire de contact\" novalidate=\"novalidate\" data-status=\"init\">\n<div style=\"display: none;\">\n<input type=\"hidden\" name=\"_wpcf7\" value=\"2752\" \/>\n<input type=\"hidden\" name=\"_wpcf7_version\" value=\"5.7.7\" \/>\n<input type=\"hidden\" name=\"_wpcf7_locale\" value=\"fr_FR\" \/>\n<input type=\"hidden\" name=\"_wpcf7_unit_tag\" value=\"wpcf7-f2752-o1\" \/>\n<input type=\"hidden\" name=\"_wpcf7_container_post\" value=\"0\" \/>\n<input type=\"hidden\" name=\"_wpcf7_posted_data_hash\" value=\"\" \/>\n<input type=\"hidden\" name=\"_wpcf7_recaptcha_response\" value=\"\" \/>\n<\/div>\n<div class=\"row\">\n\t<div class=\"col-md-6 col-xs-12\">\n\t\t<p><span class=\"wpcf7-form-control-wrap\" data-name=\"your-name\"><input size=\"40\" class=\"wpcf7-form-control wpcf7-text wpcf7-validates-as-required\" aria-required=\"true\" aria-invalid=\"false\" placeholder=\"Last name*\" value=\"\" type=\"text\" name=\"your-name\" \/><\/span>\n\t\t<\/p>\n\t<\/div>\n\t<div class=\"col-md-6 col-xs-12\">\n\t\t<p><span class=\"wpcf7-form-control-wrap\" data-name=\"your-firstname\"><input size=\"40\" class=\"wpcf7-form-control wpcf7-text wpcf7-validates-as-required\" aria-required=\"true\" aria-invalid=\"false\" placeholder=\"First name*\" value=\"\" type=\"text\" name=\"your-firstname\" \/><\/span>\n\t\t<\/p>\n\t<\/div>\n\t<div class=\"col-md-6 col-xs-12\">\n\t\t<p><span class=\"wpcf7-form-control-wrap\" data-name=\"your-email\"><input size=\"40\" class=\"wpcf7-form-control wpcf7-text wpcf7-email wpcf7-validates-as-required wpcf7-validates-as-email\" aria-required=\"true\" aria-invalid=\"false\" placeholder=\"Email*\" value=\"\" type=\"email\" name=\"your-email\" \/><\/span>\n\t\t<\/p>\n\t<\/div>\n\t<div class=\"col-md-6 col-xs-12\">\n\t\t<p><span class=\"wpcf7-form-control-wrap\" data-name=\"your-tel\"><input size=\"40\" class=\"wpcf7-form-control wpcf7-text wpcf7-tel wpcf7-validates-as-required wpcf7-validates-as-tel\" aria-required=\"true\" aria-invalid=\"false\" placeholder=\"Phone\" value=\"\" type=\"tel\" name=\"your-tel\" \/><\/span>\n\t\t<\/p>\n\t<\/div>\n\t<div class=\"col-md-12 col-xs-12\">\n\t\t<p><span class=\"wpcf7-form-control-wrap\" data-name=\"your-message\"><textarea cols=\"40\" rows=\"10\" class=\"wpcf7-form-control wpcf7-textarea wpcf7-validates-as-required\" aria-required=\"true\" aria-invalid=\"false\" placeholder=\"Your message*\" name=\"your-message\"><\/textarea><\/span>\n\t\t<\/p>\n\t<\/div>\n\t<div class=\"col-md-12 col-xs-12 wrap-checkbox\">\n\t\t<p><span class=\"wpcf7-form-control-wrap\" data-name=\"checkbox-rgpd\"><span class=\"wpcf7-form-control wpcf7-checkbox wpcf7-validates-as-required\"><span class=\"wpcf7-list-item first last\"><input type=\"checkbox\" name=\"checkbox-rgpd[]\" value=\"By submitting this form, I agree that the information entered in this form will be used to allow us to contact you again.\" \/><span class=\"wpcf7-list-item-label\">By submitting this form, I agree that the information entered in this form will be used to allow us to contact you again.<\/span><\/span><\/span><\/span><span class=\"voir-pol-conf\"><a href=\"https:\/\/www.hotelduparc.fr\/en\/legal-notice\/\" target=\"_blank\">See our privacy policy.<\/a><\/span>\n\t\t<\/p>\n\t<\/div>\n\t<div class=\"col-md-12 col-xs-12\">\n\t\t<p><input class=\"wpcf7-form-control has-spinner wpcf7-submit\" type=\"submit\" value=\"Send\" \/>\n\t\t<\/p>\n\t<\/div>\n<\/div><div class=\"wpcf7-response-output\" aria-hidden=\"true\"><\/div>\n<\/form>\n<\/div>\n \n      <\/div>  \n\n    <\/div>\n    <!--end form-->\n\n   [\/vc_column][vc_column el_class=&#8221;tableau-contact bloc-dark&#8221; offset=&#8221;vc_col-lg-6 vc_col-md-12 vc_col-xs-12&#8243;][vc_column_text]Address :<\/p>\n<p>169 Avenue des Fusill\u00e9s 49400 SAUMUR[\/vc_column_text][vc_column_text]Phone number :<\/p>\n<p><a href=\"tel:+33241671718\">+33 (0)2 41 67 17 18<\/a>[\/vc_column_text][vc_column_text]Email :<\/p>\n<p><a href=\"m&#97;&#x69;&#x6c;t&#111;&#58;&#x63;&#x6f;n&#116;&#x61;&#x63;t&#64;&#104;&#x6f;&#x74;e&#108;&#x64;&#x75;p&#97;&#114;&#x63;&#x2e;f&#114;\">&#99;&#x6f;&#x6e;t&#97;&#x63;t&#64;&#x68;&#x6f;t&#101;&#x6c;d&#117;&#x70;&#x61;r&#99;&#x2e;f&#114;<\/a>[\/vc_column_text][vc_column_text]Check-in:<\/p>\n<p>03:00 pm to 11:00 pm[\/vc_column_text][vc_column_text]Check-out:<\/p>\n<p>07:00 am to 11:00 am[\/vc_column_text][\/vc_column][\/vc_row][vc_row full_width=&#8221;stretch_row&#8221; el_class=&#8221;nd_options_vc_parallax_filter_2_4&#8243; el_id=&#8221;cta&#8221; css=&#8221;.vc_custom_1579085952796{background-image: url(https:\/\/www.hotelduparc.fr\/wp-content\/uploads\/2020\/01\/hall-1.jpg?id=1901) !important;}&#8221;][vc_column width=&#8221;5\/6&#8243; el_class=&#8221;nd_options_text_align_center&#8221; css=&#8221;.vc_custom_1583320731284{background-color: rgba(255,255,255,0.9) !important;*background-color: rgb(255,255,255) !important;}&#8221; offset=&#8221;vc_col-lg-offset-2 vc_col-lg-8 vc_col-md-offset-1 vc_col-md-10 vc_col-sm-offset-1 vc_col-xs-12&#8243;][vc_column_text el_class=&#8221;soustitre&#8221;]<\/p>\n<p style=\"text-align: center;\">Contact us<\/p>\n<p>[\/vc_column_text][vc_column_text]<\/p>\n<h2 style=\"text-align: center;\">Please do not hesitate to contact us if you need further informations.<\/h2>\n<p>[\/vc_column_text][\/vc_column][\/vc_row][vc_row full_width=&#8221;stretch_row_content&#8221; el_id=&#8221;map-iframe&#8221;][vc_column][vc_raw_html]PGlmcmFtZSBzcmM9Imh0dHBzOi8vd3d3Lmdvb2dsZS5jb20vbWFwcy9kL2VtYmVkP21pZD0xSjl3WjllcjFIVTFwUDNuVU53Sjcwd3JiV09tQjgzUWoiIHdpZHRoPSIxNjAwIiBoZWlnaHQ9IjQ4MCIgaWQ9ImhkcC1tYXAiPjwvaWZyYW1lPg==[\/vc_raw_html][\/vc_column][\/vc_row]<\/p>\n","protected":false},"excerpt":{"rendered":"<p>[vc_row equal_height=&#8221;yes&#8221; content_placement=&#8221;middle&#8221; el_class=&#8221;rangee-contact intro&#8221;][vc_column offset=&#8221;vc_col-lg-6 vc_col-md-6 vc_col-xs-12&#8243;][vc_column_text css=&#8221;.vc_custom_1583338393488{margin-bottom: 0px !important;}&#8221;]The H\u00f4tel du Parc is a couple of steps from Saumur towncenter and an hour from Tours. It is ideally located to discover the pretty shores of the Loire, alone, with family or couple.[\/vc_column_text][\/vc_column][vc_column el_class=&#8221;tableau-contact&#8221; offset=&#8221;vc_col-lg-6 vc_col-md-6 vc_col-xs-12&#8243;][vc_column_text css=&#8221;.vc_custom_1579086741910{margin-bottom: 15px !important;}&#8221;] Frequent questions [\/vc_column_text][\/vc_column][\/vc_row][vc_row equal_height=&#8221;yes&#8221; [&hellip;]<\/p>\n","protected":false},"author":1,"featured_media":0,"parent":0,"menu_order":0,"comment_status":"closed","ping_status":"closed","template":"","meta":[],"yoast_head":"<!-- This site is optimized with the Yoast SEO plugin v20.5 - https:\/\/yoast.com\/wordpress\/plugins\/seo\/ -->\n<title>Access &amp; Contact | Hotel du Parc | Hotel - Restaurant in Saumur (49)<\/title>\n<meta name=\"description\" content=\"The hotel is a couple of steps from Saumur towncenter and an hour from Tours. It is ideally located to discover the pretty shores of the Loire.\" \/>\n<meta name=\"robots\" content=\"index, follow, max-snippet:-1, max-image-preview:large, max-video-preview:-1\" \/>\n<link rel=\"canonical\" href=\"https:\/\/www.hotelduparc.fr\/en\/access-contact\/\" \/>\n<meta property=\"og:locale\" content=\"en_US\" \/>\n<meta property=\"og:type\" content=\"article\" \/>\n<meta property=\"og:title\" content=\"Access &amp; Contact | Hotel du Parc | Hotel - Restaurant in Saumur (49)\" \/>\n<meta property=\"og:description\" content=\"The hotel is a couple of steps from Saumur towncenter and an hour from Tours. It is ideally located to discover the pretty shores of the Loire.\" \/>\n<meta property=\"og:url\" content=\"https:\/\/www.hotelduparc.fr\/en\/access-contact\/\" \/>\n<meta property=\"og:site_name\" content=\"Saumur H\u00f4tel Avec Piscine - H\u00f4tel du Parc ***\" \/>\n<meta property=\"article:modified_time\" content=\"2020-09-25T09:26:03+00:00\" \/>\n<meta name=\"twitter:card\" content=\"summary_large_image\" \/>\n<meta name=\"twitter:label1\" content=\"Est. reading time\" \/>\n\t<meta name=\"twitter:data1\" content=\"2 minutes\" \/>\n<script type=\"application\/ld+json\" class=\"yoast-schema-graph\">{\"@context\":\"https:\/\/schema.org\",\"@graph\":[{\"@type\":\"WebPage\",\"@id\":\"https:\/\/www.hotelduparc.fr\/en\/access-contact\/\",\"url\":\"https:\/\/www.hotelduparc.fr\/en\/access-contact\/\",\"name\":\"Access & Contact | Hotel du Parc | Hotel - Restaurant in Saumur (49)\",\"isPartOf\":{\"@id\":\"https:\/\/www.hotelduparc.fr\/#website\"},\"datePublished\":\"2020-03-05T14:58:00+00:00\",\"dateModified\":\"2020-09-25T09:26:03+00:00\",\"description\":\"The hotel is a couple of steps from Saumur towncenter and an hour from Tours. It is ideally located to discover the pretty shores of the Loire.\",\"breadcrumb\":{\"@id\":\"https:\/\/www.hotelduparc.fr\/en\/access-contact\/#breadcrumb\"},\"inLanguage\":\"en-US\",\"potentialAction\":[{\"@type\":\"ReadAction\",\"target\":[\"https:\/\/www.hotelduparc.fr\/en\/access-contact\/\"]}]},{\"@type\":\"BreadcrumbList\",\"@id\":\"https:\/\/www.hotelduparc.fr\/en\/access-contact\/#breadcrumb\",\"itemListElement\":[{\"@type\":\"ListItem\",\"position\":1,\"name\":\"Accueil\",\"item\":\"https:\/\/www.hotelduparc.fr\/en\/\"},{\"@type\":\"ListItem\",\"position\":2,\"name\":\"Access &#038; Contact\"}]},{\"@type\":\"WebSite\",\"@id\":\"https:\/\/www.hotelduparc.fr\/#website\",\"url\":\"https:\/\/www.hotelduparc.fr\/\",\"name\":\"Saumur H\u00f4tel Avec Piscine - H\u00f4tel du Parc ***\",\"description\":\"Saumur H\u00f4tel restaurant Avec Piscine\",\"publisher\":{\"@id\":\"https:\/\/www.hotelduparc.fr\/#organization\"},\"potentialAction\":[{\"@type\":\"SearchAction\",\"target\":{\"@type\":\"EntryPoint\",\"urlTemplate\":\"https:\/\/www.hotelduparc.fr\/?s={search_term_string}\"},\"query-input\":\"required name=search_term_string\"}],\"inLanguage\":\"en-US\"},{\"@type\":\"Organization\",\"@id\":\"https:\/\/www.hotelduparc.fr\/#organization\",\"name\":\"H\u00f4tel du Parc\",\"url\":\"https:\/\/www.hotelduparc.fr\/\",\"logo\":{\"@type\":\"ImageObject\",\"inLanguage\":\"en-US\",\"@id\":\"https:\/\/www.hotelduparc.fr\/#\/schema\/logo\/image\/\",\"url\":\"https:\/\/www.hotelduparc.fr\/wp-content\/uploads\/2020\/01\/logo-hotelduparc-1.png\",\"contentUrl\":\"https:\/\/www.hotelduparc.fr\/wp-content\/uploads\/2020\/01\/logo-hotelduparc-1.png\",\"width\":225,\"height\":120,\"caption\":\"H\u00f4tel du Parc\"},\"image\":{\"@id\":\"https:\/\/www.hotelduparc.fr\/#\/schema\/logo\/image\/\"}}]}<\/script>\n<!-- \/ Yoast SEO plugin. -->","yoast_head_json":{"title":"Access & Contact | Hotel du Parc | Hotel - Restaurant in Saumur (49)","description":"The hotel is a couple of steps from Saumur towncenter and an hour from Tours. It is ideally located to discover the pretty shores of the Loire.","robots":{"index":"index","follow":"follow","max-snippet":"max-snippet:-1","max-image-preview":"max-image-preview:large","max-video-preview":"max-video-preview:-1"},"canonical":"https:\/\/www.hotelduparc.fr\/en\/access-contact\/","og_locale":"en_US","og_type":"article","og_title":"Access & Contact | Hotel du Parc | Hotel - Restaurant in Saumur (49)","og_description":"The hotel is a couple of steps from Saumur towncenter and an hour from Tours. It is ideally located to discover the pretty shores of the Loire.","og_url":"https:\/\/www.hotelduparc.fr\/en\/access-contact\/","og_site_name":"Saumur H\u00f4tel Avec Piscine - H\u00f4tel du Parc ***","article_modified_time":"2020-09-25T09:26:03+00:00","twitter_card":"summary_large_image","twitter_misc":{"Est. reading time":"2 minutes"},"schema":{"@context":"https:\/\/schema.org","@graph":[{"@type":"WebPage","@id":"https:\/\/www.hotelduparc.fr\/en\/access-contact\/","url":"https:\/\/www.hotelduparc.fr\/en\/access-contact\/","name":"Access & Contact | Hotel du Parc | Hotel - Restaurant in Saumur (49)","isPartOf":{"@id":"https:\/\/www.hotelduparc.fr\/#website"},"datePublished":"2020-03-05T14:58:00+00:00","dateModified":"2020-09-25T09:26:03+00:00","description":"The hotel is a couple of steps from Saumur towncenter and an hour from Tours. It is ideally located to discover the pretty shores of the Loire.","breadcrumb":{"@id":"https:\/\/www.hotelduparc.fr\/en\/access-contact\/#breadcrumb"},"inLanguage":"en-US","potentialAction":[{"@type":"ReadAction","target":["https:\/\/www.hotelduparc.fr\/en\/access-contact\/"]}]},{"@type":"BreadcrumbList","@id":"https:\/\/www.hotelduparc.fr\/en\/access-contact\/#breadcrumb","itemListElement":[{"@type":"ListItem","position":1,"name":"Accueil","item":"https:\/\/www.hotelduparc.fr\/en\/"},{"@type":"ListItem","position":2,"name":"Access &#038; Contact"}]},{"@type":"WebSite","@id":"https:\/\/www.hotelduparc.fr\/#website","url":"https:\/\/www.hotelduparc.fr\/","name":"Saumur H\u00f4tel Avec Piscine - H\u00f4tel du Parc ***","description":"Saumur H\u00f4tel restaurant Avec Piscine","publisher":{"@id":"https:\/\/www.hotelduparc.fr\/#organization"},"potentialAction":[{"@type":"SearchAction","target":{"@type":"EntryPoint","urlTemplate":"https:\/\/www.hotelduparc.fr\/?s={search_term_string}"},"query-input":"required name=search_term_string"}],"inLanguage":"en-US"},{"@type":"Organization","@id":"https:\/\/www.hotelduparc.fr\/#organization","name":"H\u00f4tel du Parc","url":"https:\/\/www.hotelduparc.fr\/","logo":{"@type":"ImageObject","inLanguage":"en-US","@id":"https:\/\/www.hotelduparc.fr\/#\/schema\/logo\/image\/","url":"https:\/\/www.hotelduparc.fr\/wp-content\/uploads\/2020\/01\/logo-hotelduparc-1.png","contentUrl":"https:\/\/www.hotelduparc.fr\/wp-content\/uploads\/2020\/01\/logo-hotelduparc-1.png","width":225,"height":120,"caption":"H\u00f4tel du Parc"},"image":{"@id":"https:\/\/www.hotelduparc.fr\/#\/schema\/logo\/image\/"}}]}},"_links":{"self":[{"href":"https:\/\/www.hotelduparc.fr\/en\/wp-json\/wp\/v2\/pages\/2653"}],"collection":[{"href":"https:\/\/www.hotelduparc.fr\/en\/wp-json\/wp\/v2\/pages"}],"about":[{"href":"https:\/\/www.hotelduparc.fr\/en\/wp-json\/wp\/v2\/types\/page"}],"author":[{"embeddable":true,"href":"https:\/\/www.hotelduparc.fr\/en\/wp-json\/wp\/v2\/users\/1"}],"replies":[{"embeddable":true,"href":"https:\/\/www.hotelduparc.fr\/en\/wp-json\/wp\/v2\/comments?post=2653"}],"version-history":[{"count":12,"href":"https:\/\/www.hotelduparc.fr\/en\/wp-json\/wp\/v2\/pages\/2653\/revisions"}],"predecessor-version":[{"id":2995,"href":"https:\/\/www.hotelduparc.fr\/en\/wp-json\/wp\/v2\/pages\/2653\/revisions\/2995"}],"wp:attachment":[{"href":"https:\/\/www.hotelduparc.fr\/en\/wp-json\/wp\/v2\/media?parent=2653"}],"curies":[{"name":"wp","href":"https:\/\/api.w.org\/{rel}","templated":true}]}}